{"id":4776,"date":"2023-06-10T23:49:36","date_gmt":"2023-06-10T23:49:36","guid":{"rendered":"https:\/\/www.stancijacabrunici.hr\/?page_id=4776"},"modified":"2023-11-09T13:03:52","modified_gmt":"2023-11-09T13:03:52","slug":"book","status":"publish","type":"page","link":"https:\/\/www.stancijacabrunici.hr\/hr\/book\/","title":{"rendered":"Book"},"content":{"rendered":"<div data-elementor-type=\"wp-page\" data-elementor-id=\"4776\" class=\"elementor elementor-4776\">\n\t\t\t\t\t\t<div class=\"elementor-inner\">\n\t\t\t\t<div class=\"elementor-section-wrap\">\n\t\t\t\t\t\t\t\t\t<section class=\"elementor-section elementor-top-section elementor-element elementor-element-ce89d72 elementor-section-full_width elementor-section-height-min-height elementor-section-stretched elementor-section-height-default elementor-section-items-middle\" data-id=\"ce89d72\" data-element_type=\"section\" data-settings=\"{&quot;stretch_section&quot;:&quot;section-stretched&quot;}\">\n\t\t\t\t\t\t<div class=\"elementor-container elementor-column-gap-no\">\n\t\t\t\t\t\t\t<div class=\"elementor-row\">\n\t\t\t\t\t<div class=\"elementor-column elementor-col-100 elementor-top-column elementor-element elementor-element-8a33908\" data-id=\"8a33908\" data-element_type=\"column\">\n\t\t\t<div class=\"elementor-column-wrap elementor-element-populated\">\n\t\t\t\t\t\t\t<div class=\"elementor-widget-wrap\">\n\t\t\t\t\t\t<div class=\"elementor-element elementor-element-766744b elementor-widget elementor-widget-image\" data-id=\"766744b\" data-element_type=\"widget\" data-widget_type=\"image.default\">\n\t\t\t\t<div class=\"elementor-widget-container\">\n\t\t\t\t\t\t\t\t<div class=\"elementor-image\">\n\t\t\t\t\t\t\t\t\t\t\t\t<img loading=\"lazy\" decoding=\"async\" width=\"2048\" height=\"1536\" src=\"https:\/\/www.stancijacabrunici.hr\/wp-content\/uploads\/2023\/10\/IMG_6046-2048x1536.jpg\" class=\"attachment-2048x2048 size-2048x2048\" alt=\"\" srcset=\"https:\/\/www.stancijacabrunici.hr\/wp-content\/uploads\/2023\/10\/IMG_6046-2048x1536.jpg 2048w, https:\/\/www.stancijacabrunici.hr\/wp-content\/uploads\/2023\/10\/IMG_6046-300x225.jpg 300w, https:\/\/www.stancijacabrunici.hr\/wp-content\/uploads\/2023\/10\/IMG_6046-1024x768.jpg 1024w, https:\/\/www.stancijacabrunici.hr\/wp-content\/uploads\/2023\/10\/IMG_6046-768x576.jpg 768w, https:\/\/www.stancijacabrunici.hr\/wp-content\/uploads\/2023\/10\/IMG_6046-1536x1152.jpg 1536w, https:\/\/www.stancijacabrunici.hr\/wp-content\/uploads\/2023\/10\/IMG_6046-16x12.jpg 16w, https:\/\/www.stancijacabrunici.hr\/wp-content\/uploads\/2023\/10\/IMG_6046-155x116.jpg 155w\" sizes=\"auto, (max-width: 2048px) 100vw, 2048px\" \/>\t\t\t\t\t\t\t\t\t\t\t\t\t\t<\/div>\n\t\t\t\t\t\t<\/div>\n\t\t\t\t<\/div>\n\t\t\t\t\t\t<\/div>\n\t\t\t\t\t<\/div>\n\t\t<\/div>\n\t\t\t\t\t\t\t\t<\/div>\n\t\t\t\t\t<\/div>\n\t\t<\/section>\n\t\t\t\t<section class=\"elementor-section elementor-top-section elementor-element elementor-element-99ecaee elementor-section-boxed elementor-section-height-default elementor-section-height-default\" data-id=\"99ecaee\" data-element_type=\"section\">\n\t\t\t\t\t\t<div class=\"elementor-container elementor-column-gap-default\">\n\t\t\t\t\t\t\t<div class=\"elementor-row\">\n\t\t\t\t\t<div class=\"elementor-column elementor-col-100 elementor-top-column elementor-element elementor-element-27f29a4\" data-id=\"27f29a4\" data-element_type=\"column\">\n\t\t\t<div class=\"elementor-column-wrap elementor-element-populated\">\n\t\t\t\t\t\t\t<div class=\"elementor-widget-wrap\">\n\t\t\t\t\t\t<div class=\"elementor-element elementor-element-cbe66c1 elementor-widget elementor-widget-spacer\" data-id=\"cbe66c1\" data-element_type=\"widget\" data-widget_type=\"spacer.default\">\n\t\t\t\t<div class=\"elementor-widget-container\">\n\t\t\t\t\t<div class=\"elementor-spacer\">\n\t\t\t<div class=\"elementor-spacer-inner\"><\/div>\n\t\t<\/div>\n\t\t\t\t<\/div>\n\t\t\t\t<\/div>\n\t\t\t\t\t\t<\/div>\n\t\t\t\t\t<\/div>\n\t\t<\/div>\n\t\t\t\t\t\t\t\t<\/div>\n\t\t\t\t\t<\/div>\n\t\t<\/section>\n\t\t\t\t<section class=\"elementor-section elementor-top-section elementor-element elementor-element-3da392d elementor-section-boxed elementor-section-height-default elementor-section-height-default\" data-id=\"3da392d\" data-element_type=\"section\" data-settings=\"{&quot;background_background&quot;:&quot;classic&quot;}\">\n\t\t\t\t\t\t<div class=\"elementor-container elementor-column-gap-default\">\n\t\t\t\t\t\t\t<div class=\"elementor-row\">\n\t\t\t\t\t<div class=\"elementor-column elementor-col-100 elementor-top-column elementor-element elementor-element-8f1bc39\" data-id=\"8f1bc39\" data-element_type=\"column\">\n\t\t\t<div class=\"elementor-column-wrap elementor-element-populated\">\n\t\t\t\t\t\t\t<div class=\"elementor-widget-wrap\">\n\t\t\t\t\t\t<div class=\"elementor-element elementor-element-dbefacd elementor-invisible elementor-widget elementor-widget-heading\" data-id=\"dbefacd\" data-element_type=\"widget\" data-settings=\"{&quot;_animation&quot;:&quot;fadeInDown&quot;}\" data-widget_type=\"heading.default\">\n\t\t\t\t<div class=\"elementor-widget-container\">\n\t\t\t<h2 class=\"elementor-heading-title elementor-size-default\">Provjerite dostupnost i kontaktirajte nas<\/h2>\t\t<\/div>\n\t\t\t\t<\/div>\n\t\t\t\t<section class=\"elementor-section elementor-inner-section elementor-element elementor-element-362e16c elementor-section-full_width elementor-section-height-default elementor-section-height-default\" data-id=\"362e16c\" data-element_type=\"section\">\n\t\t\t\t\t\t<div class=\"elementor-container elementor-column-gap-default\">\n\t\t\t\t\t\t\t<div class=\"elementor-row\">\n\t\t\t\t\t<div class=\"elementor-column elementor-col-100 elementor-inner-column elementor-element elementor-element-2704879 elementor-invisible\" data-id=\"2704879\" data-element_type=\"column\" data-settings=\"{&quot;animation&quot;:&quot;fadeInLeft&quot;}\">\n\t\t\t<div class=\"elementor-column-wrap elementor-element-populated\">\n\t\t\t\t\t\t\t<div class=\"elementor-widget-wrap\">\n\t\t\t\t\t\t<div class=\"elementor-element elementor-element-4025e79 elementor-widget elementor-widget-shortcode\" data-id=\"4025e79\" data-element_type=\"widget\" data-widget_type=\"shortcode.default\">\n\t\t\t\t<div class=\"elementor-widget-container\">\n\t\t\t\t\t<div class=\"elementor-shortcode\"> <div id=\"form_id126159436583\"  class=\"wpbc_container wpbc_container_booking_form  wpdevelop\" ><form  id=\"booking_form1\"   class=\"booking_form vertical\" method=\"post\" action=\"\" data-trp-original-action=\"\"><div id=\"ajax_respond_insert1\" class=\"ajax_respond_insert\" style=\"display:none;\"><\/div><a name=\"bklnk1\" id=\"bklnk1\"><\/a><div id=\"booking_form_div1\" class=\"booking_form_div\"><div class=\"wpbc_booking_form_structure wpbc_vertical\">\n  <div class=\"wpbc_structure_calendar\">\n    <div class=\"wpbc_calendar_wraper wpbc_change_over_triangle\"><style type=\"text\/css\" rel=\"stylesheet\" >.hasDatepick .datepick-inline .datepick-title-row th,.hasDatepick .datepick-inline .datepick-days-cell{ height: 45px; }<\/style><div class=\"bk_calendar_frame months_num_in_row_1 cal_month_num_2 wpbc_timeslot_day_bg_as_available\" style=\"width:100%;max-width:90%;\"><div id=\"calendar_booking1\">U\u010ditavanje kalendara...<\/div><\/div><textarea id=\"date_booking1\" name=\"date_booking1\" autocomplete=\"off\" style=\"display:none;\"><\/textarea><\/div>\n  <\/div>\n  <div class=\"wpbc_structure_form\">\n     <p>First Name*:<br \/><span class=\"wpbc_wrap_text wpdev-form-control-wrap name1\"><input type=\"text\" name=\"name1\" value=\"\" class=\"wpdev-validates-as-required\" size=\"40\" \/><\/span><\/p>\n     <p>Last Name*:<br \/><span class=\"wpbc_wrap_text wpdev-form-control-wrap secondname1\"><input type=\"text\" name=\"secondname1\" value=\"\" class=\"wpdev-validates-as-required\" size=\"40\" \/><\/span><\/p>\n     <p>Email*:<br \/><span class=\"wpbc_wrap_text wpdev-form-control-wrap email1\"><input type=\"text\" name=\"email1\" value=\"\" class=\"wpdev-validates-as-email wpdev-validates-as-required\" size=\"40\" \/><\/span><\/p>\n     <p>Phone:<br \/><span class=\"wpbc_wrap_text wpdev-form-control-wrap phone1\"><input type=\"text\" name=\"phone1\" value=\"\" size=\"40\" \/><\/span><\/p>\n     <p>Details:<br \/><span class=\"wpbc_wrap_textarea wpdev-form-control-wrap details1\"><textarea name=\"details1\"><\/textarea><\/span><\/p>\n     <p><\/p>\n     <p><input type=\"button\" value=\"Po\u0161alji\" class=\"wpbc_button_light btn\" onclick=\"mybooking_submit(this.form,1, 'hr' );\" \/><img decoding=\"async\" class=\"ajax-loader\"  style=\"vertical-align:middle;box-shadow:none;width:14px;visibility: hidden;\" alt=\"ajax loader\" src=\"https:\/\/www.stancijacabrunici.hr\/wp-content\/plugins\/booking.bs.developer.9.8\/assets\/img\/ajax-loader.gif\" \/><\/p>\n  <\/div>\n<\/div>\n<div class=\"wpbc_booking_form_footer\"><\/div><input name=\"starttime1\" id=\"starttime1\" type=\"text\" value=\"04:00\" style=\"display:none;\"><input name=\"endtime1\" id=\"endtime1\" type=\"text\" value=\"12:00\" style=\"display:none;\"><input id=\"bk_type1\" name=\"bk_type1\" class=\"\" type=\"hidden\" value=\"1\" \/><\/div><div id=\"submiting1\"><\/div><div class=\"form_bk_messages\" id=\"form_bk_messages1\" ><\/div><input type=\"hidden\" id=\"wpbc_nonceCALCULATE_THE_COST1\" name=\"wpbc_nonceCALCULATE_THE_COST1\" value=\"fe0ebb1c5a\" \/><input type=\"hidden\" name=\"_wp_http_referer\" value=\"\/hr\/wp-json\/wp\/v2\/pages\/4776\" \/><input type=\"hidden\" name=\"trp-form-language\" value=\"hr\"\/><\/form><\/div><div id=\"booking_form_garbage1\" class=\"booking_form_garbage\"><\/div><script type=\"text\/javascript\">\n                                jQuery(document).ready( function(){\n                                    jQuery(\".widget_wpdev_booking .booking_form.form-horizontal\").removeClass(\"form-horizontal\");\n                                    var visible_booking_id_on_page_num = visible_booking_id_on_page.length;\n                                    if (visible_booking_id_on_page_num !== null ) {\n                                        for (var i=0;i< visible_booking_id_on_page_num ;i++){\n                                          if ( visible_booking_id_on_page[i]==\"booking_form_div1\" ) {\n                                              document.getElementById(\"form_id126159436583\").innerHTML = \"<span style='color:#A00;font-size:10px;'>Upozorenje! Kalendar rezervacija za ovaj sadr\u017eaj za rezervaciju je ve\u0107 na stranici, molimo pro\u010ditajte vi\u0161e o ovom problemu na ovoj stranici: https:\/\/wpbookingcalendar.com\/faq\/why-the-booking-calendar-widget-not-show-on-page\/<\/span>\";                                                                                                  \n                                              jQuery(\"#form_id126159436583\").animate( {opacity: 1}, 10000 ).fadeOut(5000);\n                                              return;\n                                          }\n                                        }\n                                        visible_booking_id_on_page[ visible_booking_id_on_page_num ]=\"booking_form_div1\";\n                                    }\n                                });\n                            <\/script> <script type='text\/javascript'> jQuery(document).ready( function(){  _wpbc.calendar__set_param_value( 1 , 'calendar_scroll_to' , false );  _wpbc.calendar__set_param_value( 1 , 'booking_max_monthes_in_calendar' , '1y' );  _wpbc.calendar__set_param_value( 1 , 'booking_start_day_weeek' , '1' );  _wpbc.calendar__set_param_value( 1 , 'calendar_number_of_months' , '2' );   _wpbc.calendar__set_param_value( 1, 'days_select_mode', 'dynamic' );   _wpbc.calendar__set_param_value( 1, 'fixed__days_num', 3 );   _wpbc.calendar__set_param_value( 1, 'fixed__week_days__start',   [-1] );   _wpbc.calendar__set_param_value( 1, 'dynamic__days_min', 1 );   _wpbc.calendar__set_param_value( 1, 'dynamic__days_max', 30 );   _wpbc.calendar__set_param_value( 1, 'dynamic__days_specific',    [] );   _wpbc.calendar__set_param_value( 1, 'dynamic__week_days__start', [-1] );   _wpbc.calendar__set_param_value( 1, 'booking_date_format', 'F j, Y' );   _wpbc.calendar__set_param_value( 1, 'booking_time_format', 'g:i a' );  _wpbc.set_other_param( 'message_dates_times_unavailable', 'These dates and times in this calendar are already booked or unavailable.' );  _wpbc.set_other_param( 'message_choose_alternative_dates', 'Please choose alternative date(s), times, or adjust the number of slots booked.' );  _wpbc.set_other_param( 'message_cannot_save_in_one_resource', 'It is not possible to store this sequence of the dates into the one same resource.' );  _wpbc.calendar__set_param_value( 1 , 'booking_recurrent_time' , 'Off' );   if ( 'function' === typeof ( wpbc__conditions__SAVE_INITIAL__days_selection_params__bm ) ){ wpbc__conditions__SAVE_INITIAL__days_selection_params__bm( 1 ); }   wpbc_calendar_show( '1' );   _wpbc.set_secure_param( 'nonce',   '3a18473455' );   _wpbc.set_secure_param( 'user_id', '0' );   _wpbc.set_secure_param( 'locale',  'hr' );  wpbc_calendar__load_data__ajx( {\"resource_id\":1,\"booking_hash\":\"\",\"request_uri\":\"\\\/hr\\\/wp-json\\\/wp\\\/v2\\\/pages\\\/4776\",\"custom_form\":\"standard\",\"aggregate_resource_id_str\":\"1,1\"} );  } ); <\/script><\/div>\n\t\t\t\t<\/div>\n\t\t\t\t<\/div>\n\t\t\t\t\t\t<\/div>\n\t\t\t\t\t<\/div>\n\t\t<\/div>\n\t\t\t\t\t\t\t\t<\/div>\n\t\t\t\t\t<\/div>\n\t\t<\/section>\n\t\t\t\t\t\t<\/div>\n\t\t\t\t\t<\/div>\n\t\t<\/div>\n\t\t\t\t\t\t\t\t<\/div>\n\t\t\t\t\t<\/div>\n\t\t<\/section>\n\t\t\t\t\t\t\t\t\t<\/div>\n\t\t\t<\/div>\n\t\t\t\t\t<\/div>","protected":false},"excerpt":{"rendered":"<p>Provjerite dostupnost i kontaktirajte nas<\/p>","protected":false},"author":4,"featured_media":0,"parent":0,"menu_order":0,"comment_status":"closed","ping_status":"open","template":"elementor_header_footer","meta":{"footnotes":""},"class_list":["post-4776","page","type-page","status-publish","hentry"],"_links":{"self":[{"href":"https:\/\/www.stancijacabrunici.hr\/hr\/wp-json\/wp\/v2\/pages\/4776","targetHints":{"allow":["GET"]}}],"collection":[{"href":"https:\/\/www.stancijacabrunici.hr\/hr\/wp-json\/wp\/v2\/pages"}],"about":[{"href":"https:\/\/www.stancijacabrunici.hr\/hr\/wp-json\/wp\/v2\/types\/page"}],"author":[{"embeddable":true,"href":"https:\/\/www.stancijacabrunici.hr\/hr\/wp-json\/wp\/v2\/users\/4"}],"replies":[{"embeddable":true,"href":"https:\/\/www.stancijacabrunici.hr\/hr\/wp-json\/wp\/v2\/comments?post=4776"}],"version-history":[{"count":57,"href":"https:\/\/www.stancijacabrunici.hr\/hr\/wp-json\/wp\/v2\/pages\/4776\/revisions"}],"predecessor-version":[{"id":6354,"href":"https:\/\/www.stancijacabrunici.hr\/hr\/wp-json\/wp\/v2\/pages\/4776\/revisions\/6354"}],"wp:attachment":[{"href":"https:\/\/www.stancijacabrunici.hr\/hr\/wp-json\/wp\/v2\/media?parent=4776"}],"curies":[{"name":"wp","href":"https:\/\/api.w.org\/{rel}","templated":true}]}}